{"id":3606,"date":"2020-09-03T07:53:53","date_gmt":"2020-09-03T07:53:53","guid":{"rendered":"https:\/\/landthaller.hu\/?page_id=3606"},"modified":"2021-03-16T10:35:23","modified_gmt":"2021-03-16T10:35:23","slug":"fooldal","status":"publish","type":"page","link":"https:\/\/landthaller.hu\/","title":{"rendered":"F\u0151oldal"},"content":{"rendered":"<div class=\"slider-wrapper relative\" id=\"slider-839502139\" >\n    <div class=\"slider slider-nav-circle slider-nav-normal slider-nav-light slider-style-normal slider-show-nav\"\n        data-flickity-options='{\n            \"cellAlign\": \"center\",\n            \"imagesLoaded\": true,\n            \"lazyLoad\": 1,\n            \"freeScroll\": false,\n            \"wrapAround\": true,\n            \"autoPlay\": false,\n            \"pauseAutoPlayOnHover\" : true,\n            \"prevNextButtons\": true,\n            \"contain\" : true,\n            \"adaptiveHeight\" : true,\n            \"dragThreshold\" : 10,\n            \"percentPosition\": true,\n            \"pageDots\": true,\n            \"rightToLeft\": false,\n            \"draggable\": true,\n            \"selectedAttraction\": 0.1,\n            \"parallax\" : 0,\n            \"friction\": 0.6        }'\n        >\n        \n\n  <div class=\"banner has-hover\" id=\"banner-283634448\">\n          <div class=\"banner-inner fill\">\n        <div class=\"banner-bg fill\" >\n            <div class=\"bg fill bg-fill \"><\/div>\n                                    \n\t<div class=\"is-border\"\n\t\tstyle=\"border-radius:43px;border-width:0px 0px 0px 0px;margin:0 0px 0px 0px;\">\n\t<\/div>\n                    <\/div>\n        <div class=\"banner-layers container\">\n            <div class=\"fill banner-link\"><\/div>            \n   <div id=\"text-box-1162754484\" class=\"text-box banner-layer x50 md-x50 lg-x50 y35 md-y35 lg-y35 res-text\">\n                                <div class=\"text dark\">\n              \n              <div class=\"text-inner text-center\">\n                  \n<h3 class=\"uppercase\"><strong>landthaller Judit<\/strong><\/h3>\n<p>fotogr\u00e1fus<\/p>\n              <\/div>\n           <\/div>\n                            \n<style>\n#text-box-1162754484 {\n  width: 60%;\n}\n#text-box-1162754484 .text {\n  font-size: 100%;\n}\n<\/style>\n    <\/div>\n \n        <\/div>\n      <\/div>\n\n            \n<style>\n#banner-283634448 {\n  padding-top: 52%;\n}\n#banner-283634448 .bg.bg-loaded {\n  background-image: url(https:\/\/landthaller.hu\/wp-content\/uploads\/2020\/08\/szinesfff007.jpg);\n}\n#banner-283634448 .bg {\n  background-position: 63% 58%;\n}\n<\/style>\n  <\/div>\n\n\n\n  <div class=\"banner has-hover\" id=\"banner-231145751\">\n          <div class=\"banner-inner fill\">\n        <div class=\"banner-bg fill\" >\n            <div class=\"bg fill bg-fill \"><\/div>\n                                    \n\t<div class=\"is-border\"\n\t\tstyle=\"border-width:0px 0px 0px 0px;margin:0px 0px 0px 0px;\">\n\t<\/div>\n                    <\/div>\n        <div class=\"banner-layers container\">\n            <div class=\"fill banner-link\"><\/div>            \n   <div id=\"text-box-809500611\" class=\"text-box banner-layer x50 md-x50 lg-x50 y50 md-y50 lg-y50 res-text\">\n                                <div class=\"text dark\">\n              \n              <div class=\"text-inner text-center\">\n                  \n<h3 class=\"uppercase\"><strong>landthaller Judit<\/strong><\/h3>\n<p>fotogr\u00e1fus<\/p>\n              <\/div>\n           <\/div>\n                            \n<style>\n#text-box-809500611 {\n  width: 60%;\n}\n#text-box-809500611 .text {\n  font-size: 100%;\n}\n<\/style>\n    <\/div>\n \n        <\/div>\n      <\/div>\n\n            \n<style>\n#banner-231145751 {\n  padding-top: 53%;\n}\n#banner-231145751 .bg.bg-loaded {\n  background-image: url(https:\/\/landthaller.hu\/wp-content\/uploads\/2020\/10\/Koszeg2008.jpg);\n}\n#banner-231145751 .bg {\n  background-position: 71% 64%;\n}\n<\/style>\n  <\/div>\n\n\n\n  <div class=\"banner has-hover\" id=\"banner-1694998345\">\n          <div class=\"banner-inner fill\">\n        <div class=\"banner-bg fill\" >\n            <div class=\"bg fill bg-fill \"><\/div>\n                                    \n                    <\/div>\n        <div class=\"banner-layers container\">\n            <div class=\"fill banner-link\"><\/div>            \n   <div id=\"text-box-182168271\" class=\"text-box banner-layer x50 md-x50 lg-x50 y50 md-y50 lg-y50 res-text\">\n                                <div class=\"text dark\">\n              \n              <div class=\"text-inner text-center\">\n                  \n<h3 class=\"uppercase\"><strong>landthaller Judit<\/strong><\/h3>\n<p>fotogr\u00e1fus<\/p>\n              <\/div>\n           <\/div>\n                            \n<style>\n#text-box-182168271 {\n  width: 60%;\n}\n#text-box-182168271 .text {\n  font-size: 100%;\n}\n<\/style>\n    <\/div>\n \n        <\/div>\n      <\/div>\n\n            \n<style>\n#banner-1694998345 {\n  padding-top: 53%;\n}\n#banner-1694998345 .bg.bg-loaded {\n  background-image: url(https:\/\/landthaller.hu\/wp-content\/uploads\/2017\/05\/2016_2.jpg);\n}\n#banner-1694998345 .bg {\n  background-position: 63% 48%;\n}\n<\/style>\n  <\/div>\n\n\n     <\/div>\n\n     <div class=\"loading-spin dark large centered\"><\/div>\n\n     <\/div>\n\n\n<div class=\"row\"  id=\"row-1135016788\">\n\n\t<div id=\"col-435707235\" class=\"col medium-4 small-12 large-4\"  >\n\t\t<div class=\"col-inner text-center\"  >\n\t\t\t\n\t\t\t\n<h3 style=\"text-align: center;\">\u00c9letrajz \/ Biography<\/h3>\n<p style=\"text-align: center;\">\u00a0Autodidaktak\u00e9nt indult, majd 2007-ben a Szellemk\u00e9p M\u0171v\u00e9szeti Szabadiskol\u00e1ban fotogr\u00e1fusi v\u00e9gzetts\u00e9get szerzett. 2011-ig a Fiatalok Fot\u00f3m\u0171v\u00e9szeti Studi\u00f3j\u00e1nak, 2012-t\u0151l\u00a0 a Magyar Fot\u00f3m\u0171v\u00e9szek Sz\u00f6vets\u00e9g\u00e9nek tagja.<\/p>\n<a href=\"https:\/\/landthaller.hu\/?page_id=17\" target=\"_self\" class=\"button primary\"  style=\"padding:0px 19px 0px 20px;\">\n    <span>Tov\u00e1bb<\/span>\n  <\/a>\n\n\t\t<\/div>\n\t\t\n<style>\n#col-435707235 > .col-inner {\n  padding: 0px 12px 7px 0px;\n}\n<\/style>\n\t<\/div>\n\n\t\n\n\t<div id=\"col-999026500\" class=\"col medium-4 small-12 large-4\"  >\n\t\t<div class=\"col-inner text-center\"  >\n\t\t\t\n\t\t\t\n<h3 class=\"title\" style=\"text-align: center;\">Harm\u00f3nia \/ Harmony<\/h3>\n<p style=\"text-align: center;\">Besz\u00e9lget\u00e9s Landthaller Judit fotogr\u00e1fussal<\/p>\n<p style=\"text-align: center;\">Landthaller Judit sz\u00e1m\u00e1ra a harm\u00f3nia a t\u00e9nyek elfogad\u00e1s\u00e1ra illetve alak\u00edt\u00e1s\u00e1ra tett k\u00eds\u00e9rlet egys\u00e9ge &#8211; ezt igyekszik megval\u00f3s\u00edtani k\u00e9peiben is.<\/p>\n<a href=\"https:\/\/landthaller.hu\/?page_id=1250\" target=\"_self\" class=\"button primary\"  >\n    <span>Tov\u00e1bb<\/span>\n  <\/a>\n\n\t\t<\/div>\n\t\t\n<style>\n#col-999026500 > .col-inner {\n  padding: 0px 6px 0px 0px;\n  margin: 0px 0px -41px 0px;\n}\n<\/style>\n\t<\/div>\n\n\t\n\n\t<div id=\"col-1048991205\" class=\"col medium-4 small-12 large-4\"  >\n\t\t<div class=\"col-inner text-center\"  >\n\t\t\t\n\t\t\t\n<h3 class=\"title\" style=\"text-align: center;\">Publik\u00e1ci\u00f3 \/ Publication<\/h3>\n<p style=\"text-align: center;\">Landthaller Judit sz\u00ednes fot\u00f3kkal indult, mint mai vil\u00e1gunk digit\u00e1lis lehet\u0151s\u00e9gei k\u00f6z\u00f6tt csaknem mindenki. Azut\u00e1n a sz\u00ednek alatt, vagy ink\u00e1bb a sz\u00ednekbe rejtetten megmutatkozott sz\u00e1m\u00e1ra a val\u00f3s\u00e1g egy m\u00e1sik r\u00e9tege, amit tiszt\u00e1n csak a fekete-feh\u00e9r k\u00e9pekben lehet&#8230;<\/p>\n<a href=\"https:\/\/landthaller.hu\/?page_id=403\" target=\"_self\" class=\"button primary\"  >\n    <span>Tov\u00e1bb<\/span>\n  <\/a>\n\n\t\t<\/div>\n\t\t\n<style>\n#col-1048991205 > .col-inner {\n  padding: 0px 4px 0px 5px;\n  margin: 0px 0px -1px 0px;\n}\n<\/style>\n\t<\/div>\n\n\t\n<\/div>\n\t<section class=\"section\" id=\"section_339717092\">\n\t\t<div class=\"bg section-bg fill bg-fill  bg-loaded\" >\n\n\t\t\t\n\t\t\t\n\t\t\t\n\n\t\t<\/div>\n\n\t\t<div class=\"section-content relative\">\n\t\t\t\n<div class=\"row\"  id=\"row-523235977\">\n\n\t<div id=\"col-15367516\" class=\"col small-12 large-12\"  >\n\t\t<div class=\"col-inner text-center\"  >\n\t\t\t\n\t\t\t\n<p>&#8220;Ezen a f\u00f6ld\u00f6n minden, ami nagy lett, \u00fagy kezdte, hogy kicsi volt&#8221;. (Ismeretlen keleti b\u00f6lcs)<\/p>\n\t\t<\/div>\n\t\t\t<\/div>\n\n\t\n<\/div>\n\t\t<\/div>\n\n\t\t\n<style>\n#section_339717092 {\n  padding-top: 30px;\n  padding-bottom: 30px;\n}\n<\/style>\n\t<\/section>\n\t\n","protected":false},"excerpt":{"rendered":"","protected":false},"author":2,"featured_media":0,"parent":0,"menu_order":0,"comment_status":"closed","ping_status":"closed","template":"","meta":[],"_links":{"self":[{"href":"https:\/\/landthaller.hu\/index.php?rest_route=\/wp\/v2\/pages\/3606"}],"collection":[{"href":"https:\/\/landthaller.hu\/index.php?rest_route=\/wp\/v2\/pages"}],"about":[{"href":"https:\/\/landthaller.hu\/index.php?rest_route=\/wp\/v2\/types\/page"}],"author":[{"embeddable":true,"href":"https:\/\/landthaller.hu\/index.php?rest_route=\/wp\/v2\/users\/2"}],"replies":[{"embeddable":true,"href":"https:\/\/landthaller.hu\/index.php?rest_route=%2Fwp%2Fv2%2Fcomments&post=3606"}],"version-history":[{"count":56,"href":"https:\/\/landthaller.hu\/index.php?rest_route=\/wp\/v2\/pages\/3606\/revisions"}],"predecessor-version":[{"id":4322,"href":"https:\/\/landthaller.hu\/index.php?rest_route=\/wp\/v2\/pages\/3606\/revisions\/4322"}],"wp:attachment":[{"href":"https:\/\/landthaller.hu\/index.php?rest_route=%2Fwp%2Fv2%2Fmedia&parent=3606"}],"curies":[{"name":"wp","href":"https:\/\/api.w.org\/{rel}","templated":true}]}}