{"id":17,"date":"2011-05-03T16:51:26","date_gmt":"2011-05-03T16:51:26","guid":{"rendered":"http:\/\/judit.landthaller.hu\/?page_id=17"},"modified":"2021-10-07T07:43:56","modified_gmt":"2021-10-07T07:43:56","slug":"eletrajz","status":"publish","type":"page","link":"https:\/\/landthaller.hu\/?page_id=17","title":{"rendered":"\u00c9letrajz \/ Biography"},"content":{"rendered":"<p>1966-ban sz\u00fcletett Budapesten. 1990-ben a Testnevel\u00e9si F\u0151iskola sportszervez\u0151i szak\u00e1n v\u00e9gzett. Autodidaktak\u00e9nt indult, majd 2007-ben a Szellemk\u00e9p Szabadiskol\u00e1ban fotogr\u00e1fusi v\u00e9gzetts\u00e9get szerzett. 2011-ig a Fiatalok Fot\u00f3m\u0171v\u00e9szeti Studi\u00f3j\u00e1nak, 2012-t\u0151l a Magyar Fot\u00f3m\u0171v\u00e9szek Sz\u00f6vets\u00e9g\u00e9nek tagja. 2013-ban elv\u00e9gezte a <em>Szip\u00e1l Martin St\u00fadi\u00f3 vil\u00e1g\u00edt\u00e1stechnikai mesterkurzus\u00e1t <\/em>a Fot\u00f3oktat\u00e1s Szabadiskol\u00e1ban. 2013-2014 k\u00f6z\u00f6tt Szip\u00e1l M\u00e1rton mag\u00e1nn\u00f6vend\u00e9ke volt. T\u00edz \u00e9vig dolgozott a <em>Magyar Katolikus Lexikon<\/em> k\u00e9panyag\u00e1n.<\/p>\n<p style=\"text-align: justify;\"><!--more-->2008-ban I. d\u00edjat nyert a k\u00e1rp\u00e1tmedencei fot\u00f3m\u0171v\u00e9szek sz\u00e1m\u00e1ra hatodik alkalommal megrendezett &#8220;<em>Csak tiszta forr\u00e1sb\u00f3l&#8230;&#8221;<\/em> c.\u00a0ki\u00e1ll\u00edt\u00e1son\u00a0\u00e9s p\u00e1ly\u00e1zaton.<\/p>\n<p><strong><em>\u00d6n\u00e1ll\u00f3 ki\u00e1ll\u00edt\u00e1sok<\/em><\/strong><\/p>\n<p>2016 Alterier-Galerie21, K\u00f6ln \u00a0<a href=\"https:\/\/landthaller.hu\/wp-content\/uploads\/2020\/08\/MeghA\u00advAl.jpg\">&gt;&gt;<\/a><\/p>\n<p>2014 \u00a0MOM Kultur\u00e1lis K\u00f6zpont, Budapest \u00a0<a href=\"https:\/\/landthaller.hu\/wp-content\/uploads\/2011\/05\/meghivo.jpg\">&gt;&gt;<\/a><\/p>\n<p>2012 \u00a0Tihanyi Benc\u00e9s Ap\u00e1ts\u00e1g Gal\u00e9ri\u00e1ja <a href=\"https:\/\/landthaller.hu\/wp-content\/uploads\/2020\/08\/Meghofg.jpg\">\u00a0&gt;&gt;<\/a><\/p>\n<p>2010 \u00a0T\u00f3parti Gal\u00e9ria, \u00a0R\u00e9vf\u00fcl\u00f6p\u00a0<a title=\"Megh\u00edv\u00f3\" href=\"https:\/\/landthaller.hu\/wp-content\/uploads\/2011\/07\/internmeghivo.jpg\"> &gt;&gt;<\/a><\/p>\n<p><strong><span style=\"color: #5c5c5c;\"><em>Jelent\u0151sebb csoportos ki\u00e1ll\u00edt\u00e1sok<\/em><\/span><\/strong><\/p>\n<p>2021 &#8220;A f\u00e9ny k\u00e9pei&#8221;, M\u0171csarnok, Budapest<\/p>\n<p>2019 Art Market, Budapest<\/p>\n<p>2016 &#8220;Face-BOOM&#8221;, V\u00e1rkert Baz\u00e1r, Budapest<\/p>\n<p>2016 &#8220;K\u00e9pek \u00e9s Pixelek Fot\u00f3m\u0171v\u00e9szet &#8211; \u00e9s azon t\u00fal&#8221;,\u00a0 M\u0171csarnok, Budapest<\/p>\n<p>2015 Fot\u00f3k\u00f6nyv Fesztiv\u00e1l, B\u00e9cs<\/p>\n<p>2014 Budapesti Tavaszi Fesztiv\u00e1l, B\u00e1lna Budapest<\/p>\n<p>2012 Fot\u00f3h\u00f3nap, Budapest Gal\u00e9ria Ki\u00e1ll\u00edt\u00f3h\u00e1za<\/p>\n<p>2010, 2012 \u00a0Ars Sacra &#8211; Szakr\u00e1lis M\u0171v\u00e9szetek Hete, Budapest<\/p>\n<p>2010\u00a0 Fot\u00f3h\u00f3nap,\u00a0Fogash\u00e1z, Budapest;<\/p>\n<p>2009\u00a0 Erd\u00e9sz Gal\u00e9ria, Szentendre;<\/p>\n<p>2009\u00a0 Civil K\u00f6z\u00f6ss\u00e9gek H\u00e1za (Hal\u00e1sz Rezs\u0151 Gal\u00e9ria), P\u00e9cs;<\/p>\n<p>2009\u00a0 K\u00e1rolyi H\u00e1z, H\u00f3dmez\u0151v\u00e1s\u00e1rhely;<\/p>\n<p>2009\u00a0 Milleniumi K\u00e1v\u00e9h\u00e1z, Szeged;<\/p>\n<p>2009\u00a0 Fiatalok Fot\u00f3m\u0171v\u00e9szeti St\u00fadi\u00f3ja (ArtB\u00e1zis), Budapest;<\/p>\n<p>2009\u00a0 K\u00e1joni J\u00e1nos H\u00e1zban, Pasar\u00e9t, Budapest;<\/p>\n<p>2009\u00a0 Magyar K\u00f6zt\u00e1rsas\u00e1g Kultur\u00e1lis Int\u00e9zete, Pozsony;<\/p>\n<p>2008\u00a0 Fot\u00f3porta-nemzetk\u00f6zi konzult\u00e1ci\u00f3 \u00e9s ki\u00e1ll\u00edt\u00e1s, G\u00f6d\u00f6r Klub, Budapest;<\/p>\n<p>2008\u00a0 Boulevard \u00e9s Brezsnyev Gal\u00e9ria, Budapest;<\/p>\n<p>2008\u00a0 Duo Design Gal\u00e9ria, Budapest;<\/p>\n<p>2008\u00a0 Kossuth Klub, Budapest;<\/p>\n<p>2008\u00a0 Ur\u00e1nia Filmsz\u00ednh\u00e1z, Budapest;<\/p>\n<p>2008\u00a0 Francia Int\u00e9zet, Budapest;<\/p>\n<p><strong><span style=\"color: #5c5c5c;\"><em>Publik\u00e1ci\u00f3\/Bibliogr\u00e1fia<\/em>:<\/span><\/strong><\/p>\n<p><em>Tihanyi Kalend\u00e1rium 2013, <\/em>Dr. Stift Zolt\u00e1n Angelico: Landthaller Judit ki\u00e1ll\u00edt\u00e1s\u00e1ra, Tihanyi Benc\u00e9s Ap\u00e1ts\u00e1g \u00c9vk\u00f6nyve.<\/p>\n<p><em>A h\u00e9t k\u00e9pe &#8211; <\/em>N\u00e9pszabads\u00e1g Magazin, XXII. \u00e9vfolyam, 2012\/39.<\/p>\n<p><em>2000\u00a0&#8211;<\/em> Irodalmi \u00e9s t\u00e1rsadalmi havilap (teljes illusztr\u00e1ci\u00f3) \u00a0XXIII. \u00e9vfolyam,\u00a02011\/11.<\/p>\n<p>Szil\u00e1gyi-Nagy Ildik\u00f3: \u00a0<em>Harm\u00f3nia<\/em>. \u00a0<em>Szellemk\u00e9p &#8211; <\/em> Kort\u00e1rs m\u0171v\u00e9szeti foly\u00f3irat, XX. \u00e9vfolyam 2010\/1. \u00a0\u00a0<a href=\"https:\/\/landthaller.hu\/?page_id=1250\">&gt;&gt;<\/a><\/p>\n<p><strong><span style=\"color: #5c5c5c;\"><em>Munk\u00e1k k\u00f6zgy\u0171jtem\u00e9nyekben:<\/em><\/span><\/strong><\/p>\n<p><span style=\"color: #808080;\">Magyar Fotogr\u00e1fiai M\u00fazeum, \u00a0Kecskem\u00e9t<\/span><\/p>\n<p><span style=\"color: #808080;\">Polg\u00e1rmesteri Hivatal, \u00a0R\u00e9vf\u00fcl\u00f6p<\/span><\/p>\n<p><strong><span style=\"color: #5c5c5c;\"><em>\u00d6n\u00e1ll\u00f3 fot\u00f3albumok:<\/em><\/span><\/strong><\/p>\n<p><span style=\"color: #808080;\">Geometria-Homometria, 2010<\/span> <a title=\"Album\" href=\"https:\/\/landthaller.hu\/wp-content\/uploads\/2011\/05\/album-e1308666111448.jpg\">&gt;&gt;<\/a><\/p>\n<p>Sz\u00ednj\u00e1t\u00e9k \/ J\u00e1t\u00e9ksz\u00edn, 2012\u00a0<a href=\"https:\/\/landthaller.hu\/wp-content\/uploads\/2020\/08\/Szinjatek_jatekszin.jpg\">&gt;&gt;<\/a><\/p>\n<p>Szerz\u0151i kiad\u00e1sok, \u00a03000 Ft<\/p>\n<p><strong><em>\u00a0<\/em><span style=\"color: #5c5c5c;\"><em>Kaphat\u00f3k:<\/em><\/span><\/strong><\/p>\n<p>\u00cdr\u00f3k Boltja \u00a0(1061. Budapest, Andr\u00e1ssy \u00fat 45.)<\/p>\n<p>Mai Man\u00f3 K\u00f6nyvesbolt \u00a0(1065. Budapest, Nagymez\u0151 u. 20.)<\/p>\n<p>M\u0171csarnok K\u00f6nyvesbolt \u00a0(1146. Budapest, H\u0151s\u00f6k tere)<\/p>\n<p>M\u0171v\u00e9szetek Palot\u00e1ja K\u00f6nyvesbolt \u00a0(1095. Budapest, Komor Marcell u. 1.)<\/p>\n<p>A szerz\u0151t\u0151l. \u00a0<a href=\"https:\/\/landthaller.hu\/?page_id=2 \">&gt;&gt;<\/a><\/p>\n<p style=\"text-align: justify;\">Born in Budapest on March 6th 1966, Judit Landthaller graduated in sport organisation from the College of Physical Education in 1990 and received a diploma in photography at the &#8220;Szellemk\u00e9p&#8221; Independent School of Art in 2007. For nearly ten years, she worked at the editorial office of the Hungarian Catholic Lexicon, taking and processing photographs. From 2008 to 2011, she was a member of the Young Photographic Artists&#8217; Studio. Judit won a prize during the 6th time organized Exhibition and Competition &#8220;<em>Csak tiszta forrasb\u00f3l&#8221; (Only from clean mountain springs)<\/em> organised for Carpathian Basin photographers. In 2012, she became a member of the Association of Hungarian Art Photographers.\u00a0\u00a0In 2013 she finished her studies in the School of Teaching Photography where she successfully completed a master level course in the Martin Szip\u00e1l Studio of Lighting Technique. From the autumn of the same year she became his private student.<\/p>\n<p><strong><em>Solo exhibitions<\/em><\/strong><\/p>\n<p>2016 \u00a0Alterier-Gallery21, K\u00f6ln<\/p>\n<p>2014 \u00a0MOM Cultural Center, Budapest<\/p>\n<p>2012 \u00a0Benedictine Abbey of Tihany<\/p>\n<p>2010 \u00a0Lakeside Gallery,\u00a0 R\u00e9vf\u00fcl\u00f6p<\/p>\n<p><strong><span style=\"color: #5c5c5c;\"><em>Important group exhibitions<\/em><\/span><\/strong><\/p>\n<p>2021 &#8220;Images of Light&#8221;, Kunsthalle, Budapest<\/p>\n<p>2019 Art Market, Budapest<\/p>\n<p>2016 &#8220;Face-BOOM&#8221; Gallery of the Castle Garden Bazaar, Budapest<\/p>\n<p>2016 &#8220;Pictures and Pixels Photographic Art &#8211; and Beyond&#8221;,\u00a0 Kunsthalle, Budapest<\/p>\n<p>2015 \u00a0Vienna PhotoBook Festival, Brotfabrik Wien<\/p>\n<p>2014 Budapest Spring Festival, The B\u00e1lna<\/p>\n<p>2012 Photo Month, Budapest Gallery<\/p>\n<p>2010, 2012 Ars Sacra Arts Festival, Budapest<\/p>\n<p>2010 Photo Month (Fogash\u00e1z), Budapest;<\/p>\n<p>2009 Studio of Young Photographers&#8217; Association, Budapest;<\/p>\n<p>2009 Cultural Institute of the Republic of Hungary, Bratislava;<\/p>\n<p>2009 K\u00e1joni J\u00e1nos House, Pasar\u00e9t, Budapest;<\/p>\n<p>2009 Milleniumi Caf\u00e9, Szeged;<\/p>\n<p>2009 K\u00e1rolyi House, H\u00f3dmez\u0151v\u00e1s\u00e1rhely;<\/p>\n<p>2009 House of Civil Communities (Hal\u00e1sz Rezs\u0151 Gallery), P\u00e9cs;<\/p>\n<p>2009 Erd\u00e9sz Gallery, Szentendre;<\/p>\n<p>2008 Urania National Film Theatre, Budapest;<\/p>\n<p>2008\u00a0 French Institute, Budapest;<\/p>\n<p>2008\u00a0 Fot\u00f3porta &#8211; International Consultation and Exhibition, G\u00f6d\u00f6r Klub, Budapest;<\/p>\n<p>2008\u00a0 Boulevard &amp; Brezhnev Gallery, Budapest;<\/p>\n<p>2008\u00a0 Duo Design Gallery, Budapest;<\/p>\n<p>2008\u00a0 Kossuth Klub, Budapest;<\/p>\n<p><strong><span style=\"color: #5c5c5c;\"><em>Publication\/Bibliography<\/em>:<\/span><\/strong><\/p>\n<p style=\"text-align: left;\"><em>The Tihany Calendar<\/em> 2013, Dr. Zolt\u00e1n Angelico Stift: For the Exhibition of Judit Landthaller, Yearbook of the Tihany Benedictin Abbey<\/p>\n<p style=\"text-align: left;\"><em>Photograph of the Week &#8211; N\u00e9pszabads\u00e1g Magazine, 39\/2012. volume 22.<\/em><\/p>\n<p style=\"text-align: left;\">2000 &#8211; Monthly Literary and Social Review, 11\/2011. volume 23.<\/p>\n<p style=\"text-align: left;\">Ildik\u00f3 Szil\u00e1gyi-Nagy: Harmony. \u00a0Szellemk\u00e9p Review of Contemporary Art, 1\/2010.\u00a0volume 20.\u00a0\u00a0\u00a0<a href=\"https:\/\/landthaller.hu\/?page_id=1250\">&gt;&gt;<\/a><\/p>\n<p style=\"text-align: left;\"><strong><em style=\"color: #515151;\">Works in Public Collections:<\/em><\/strong><\/p>\n<p style=\"text-align: left;\"><span style=\"color: #808080;\">Hungarian Museum of Photography<\/span><\/p>\n<p style=\"text-align: left;\"><span style=\"color: #808080;\">Mayor&#8217;s Office, \u00a0R\u00e9vf\u00fcl\u00f6p<\/span><\/p>\n<p style=\"text-align: left;\"><strong><span style=\"color: #5c5c5c;\"><em>Solo Photoalbums<\/em>:<\/span><\/strong><\/p>\n<p style=\"text-align: left;\">Geometry-Homometry, 2010 (private edition)<\/p>\n<p style=\"text-align: left;\">A Play of Colours, 2012 (private edition)<\/p>\n","protected":false},"excerpt":{"rendered":"<p>1966-ban sz\u00fcletett Budapesten. 1990-ben a Testnevel\u00e9si F\u0151iskola sportszervez\u0151i szak\u00e1n v\u00e9gzett. Autodidaktak\u00e9nt indult, majd 2007-ben a Szellemk\u00e9p Szabadiskol\u00e1ban fotogr\u00e1fusi v\u00e9gzetts\u00e9get szerzett. 2011-ig a Fiatalok Fot\u00f3m\u0171v\u00e9szeti Studi\u00f3j\u00e1nak, 2012-t\u0151l a Magyar Fot\u00f3m\u0171v\u00e9szek Sz\u00f6vets\u00e9g\u00e9nek tagja. 2013-ban elv\u00e9gezte a Szip\u00e1l Martin St\u00fadi\u00f3 vil\u00e1g\u00edt\u00e1stechnikai mesterkurzus\u00e1t a Fot\u00f3oktat\u00e1s Szabadiskol\u00e1ban. 2013-2014 k\u00f6z\u00f6tt Szip\u00e1l M\u00e1rton mag\u00e1nn\u00f6vend\u00e9ke volt. T\u00edz \u00e9vig dolgozott a Magyar Katolikus Lexikon [&#8230;]\n","protected":false},"author":2,"featured_media":0,"parent":0,"menu_order":1,"comment_status":"closed","ping_status":"open","template":"","meta":[],"_links":{"self":[{"href":"https:\/\/landthaller.hu\/index.php?rest_route=\/wp\/v2\/pages\/17"}],"collection":[{"href":"https:\/\/landthaller.hu\/index.php?rest_route=\/wp\/v2\/pages"}],"about":[{"href":"https:\/\/landthaller.hu\/index.php?rest_route=\/wp\/v2\/types\/page"}],"author":[{"embeddable":true,"href":"https:\/\/landthaller.hu\/index.php?rest_route=\/wp\/v2\/users\/2"}],"replies":[{"embeddable":true,"href":"https:\/\/landthaller.hu\/index.php?rest_route=%2Fwp%2Fv2%2Fcomments&post=17"}],"version-history":[{"count":185,"href":"https:\/\/landthaller.hu\/index.php?rest_route=\/wp\/v2\/pages\/17\/revisions"}],"predecessor-version":[{"id":4475,"href":"https:\/\/landthaller.hu\/index.php?rest_route=\/wp\/v2\/pages\/17\/revisions\/4475"}],"wp:attachment":[{"href":"https:\/\/landthaller.hu\/index.php?rest_route=%2Fwp%2Fv2%2Fmedia&parent=17"}],"curies":[{"name":"wp","href":"https:\/\/api.w.org\/{rel}","templated":true}]}}